{"id":10906,"date":"2022-02-14T06:35:31","date_gmt":"2022-02-14T06:35:31","guid":{"rendered":"https:\/\/www.plasteks.com\/tr\/?page_id=10906"},"modified":"2022-02-14T07:31:27","modified_gmt":"2022-02-14T07:31:27","slug":"golgelik-netleme-file-ortuleri-baglama-kilit-ve-klipsi-yeni-urun","status":"publish","type":"page","link":"https:\/\/www.plasteks.com\/tr\/golgelik-netleme-file-ortuleri-baglama-kilit-ve-klipsi-yeni-urun\/","title":{"rendered":"G\u00d6LGEL\u0130K NETLEME F\u0130LE \u00d6RT\u00dcLER\u0130 BA\u011eLAMA K\u0130L\u0130T VE KL\u0130PS\u0130 (YEN\u0130 \u00dcR\u00dcN)"},"content":{"rendered":"\t\t<div data-elementor-type=\"wp-page\" data-elementor-id=\"10906\" class=\"elementor elementor-10906\">\n\t\t\t\t\t\t<section class=\"elementor-section elementor-top-section elementor-element elementor-element-480987e elementor-section-full_width elementor-section-stretched elementor-section-height-default elementor-section-height-default\" data-id=\"480987e\" data-element_type=\"section\" data-settings=\"{&quot;stretch_section&quot;:&quot;section-stretched&quot;,&quot;background_background&quot;:&quot;classic&quot;}\">\n\t\t\t\t\t\t\t<div class=\"elementor-background-overlay\"><\/div>\n\t\t\t\t\t\t\t<div class=\"elementor-container elementor-column-gap-no\">\n\t\t\t\t\t<div class=\"elementor-column elementor-col-50 elementor-top-column elementor-element elementor-element-0f85541 column-style-top\" data-id=\"0f85541\" data-element_type=\"column\">\n\t\t\t<div class=\"elementor-widget-wrap elementor-element-populated\">\n\t\t\t\t\t\t\t<\/div>\n\t\t<\/div>\n\t\t\t\t<div class=\"elementor-column elementor-col-50 elementor-top-column elementor-element elementor-element-334cb2e column-style-top\" data-id=\"334cb2e\" data-element_type=\"column\">\n\t\t\t<div class=\"elementor-widget-wrap\">\n\t\t\t\t\t\t\t<\/div>\n\t\t<\/div>\n\t\t\t\t\t<\/div>\n\t\t<\/section>\n\t\t\t\t<section class=\"elementor-section elementor-top-section elementor-element elementor-element-ea562a0 elementor-section-full_width elementor-section-height-default elementor-section-height-default\" data-id=\"ea562a0\" data-element_type=\"section\">\n\t\t\t\t\t\t<div class=\"elementor-container elementor-column-gap-default\">\n\t\t\t\t\t<div class=\"elementor-column elementor-col-33 elementor-top-column elementor-element elementor-element-a24f9cf column-style-top\" data-id=\"a24f9cf\" data-element_type=\"column\">\n\t\t\t<div class=\"elementor-widget-wrap elementor-element-populated\">\n\t\t\t\t\t\t<div class=\"elementor-element elementor-element-78c42ab elementor-nav-menu--dropdown-mobile elementor-nav-menu__text-align-center elementor-hidden-desktop elementor-nav-menu--toggle elementor-nav-menu--burger elementor-widget elementor-widget-nav-menu\" data-id=\"78c42ab\" data-element_type=\"widget\" data-settings=\"{&quot;layout&quot;:&quot;vertical&quot;,&quot;submenu_icon&quot;:{&quot;value&quot;:&quot;&lt;i class=\\&quot;fas fa-caret-down\\&quot;&gt;&lt;\\\/i&gt;&quot;,&quot;library&quot;:&quot;fa-solid&quot;},&quot;toggle&quot;:&quot;burger&quot;}\" data-widget_type=\"nav-menu.default\">\n\t\t\t\t<div class=\"elementor-widget-container\">\n\t\t\t\t\t\t<nav class=\"elementor-nav-menu--main elementor-nav-menu__container elementor-nav-menu--layout-vertical e--pointer-underline e--animation-fade\">\n\t\t\t\t<ul id=\"menu-1-78c42ab\" class=\"elementor-nav-menu sm-vertical\"><li class=\"menu-item menu-item-type-post_type menu-item-object-page menu-item-8781\"><a href=\"https:\/\/www.plasteks.com\/tr\/geri-donusumsuz-kasalar\/\" class=\"elementor-item\">Geri D\u00f6n\u00fc\u015f\u00fcms\u00fcz Kasalar<\/a><\/li>\n<li class=\"menu-item menu-item-type-post_type menu-item-object-page menu-item-8780\"><a href=\"https:\/\/www.plasteks.com\/tr\/toplama-kasalari\/\" class=\"elementor-item\">Toplama Kasalar\u0131<\/a><\/li>\n<li class=\"menu-item menu-item-type-post_type menu-item-object-page menu-item-8775\"><a href=\"https:\/\/www.plasteks.com\/tr\/bigboxb-yuksek-hacimli-buyuk-kasa\/\" class=\"elementor-item\">BigBox B\u00fcy\u00fck Kasa<\/a><\/li>\n<li class=\"menu-item menu-item-type-post_type menu-item-object-page menu-item-8779\"><a href=\"https:\/\/www.plasteks.com\/tr\/amerikan-tipi-kova\/\" class=\"elementor-item\">Amerikan Tipi Kova<\/a><\/li>\n<li class=\"menu-item menu-item-type-post_type menu-item-object-page menu-item-8776\"><a href=\"https:\/\/www.plasteks.com\/tr\/bocek-ilaclama-plastik-kovalar\/\" class=\"elementor-item\">B\u00f6cek \u0130la\u00e7lama Plastik Kovalar<\/a><\/li>\n<li class=\"menu-item menu-item-type-post_type menu-item-object-page menu-item-8778\"><a href=\"https:\/\/www.plasteks.com\/tr\/plastik-palet-ve-kizak-ayak\/\" class=\"elementor-item\">Plastik Palet ve K\u0131zak Ayak<\/a><\/li>\n<li class=\"menu-item menu-item-type-post_type menu-item-object-page menu-item-8777\"><a href=\"https:\/\/www.plasteks.com\/tr\/saksi\/\" class=\"elementor-item\">Saks\u0131<\/a><\/li>\n<li class=\"menu-item menu-item-type-post_type menu-item-object-page menu-item-8774\"><a href=\"https:\/\/www.plasteks.com\/tr\/tarimsal-urunler\/\" class=\"elementor-item\">Tar\u0131msal \u00dcr\u00fcnler<\/a><\/li>\n<\/ul>\t\t\t<\/nav>\n\t\t\t\t\t<div class=\"elementor-menu-toggle\" role=\"button\" tabindex=\"0\" aria-label=\"Menu Toggle\" aria-expanded=\"false\">\n\t\t\t<i aria-hidden=\"true\" role=\"presentation\" class=\"elementor-menu-toggle__icon--open eicon-menu-bar\"><\/i><i aria-hidden=\"true\" role=\"presentation\" class=\"elementor-menu-toggle__icon--close eicon-close\"><\/i>\t\t\t<span class=\"elementor-screen-only\">Menu<\/span>\n\t\t<\/div>\n\t\t\t\t\t<nav class=\"elementor-nav-menu--dropdown elementor-nav-menu__container\" aria-hidden=\"true\">\n\t\t\t\t<ul id=\"menu-2-78c42ab\" class=\"elementor-nav-menu sm-vertical\"><li class=\"menu-item menu-item-type-post_type menu-item-object-page menu-item-8781\"><a href=\"https:\/\/www.plasteks.com\/tr\/geri-donusumsuz-kasalar\/\" class=\"elementor-item\" tabindex=\"-1\">Geri D\u00f6n\u00fc\u015f\u00fcms\u00fcz Kasalar<\/a><\/li>\n<li class=\"menu-item menu-item-type-post_type menu-item-object-page menu-item-8780\"><a href=\"https:\/\/www.plasteks.com\/tr\/toplama-kasalari\/\" class=\"elementor-item\" tabindex=\"-1\">Toplama Kasalar\u0131<\/a><\/li>\n<li class=\"menu-item menu-item-type-post_type menu-item-object-page menu-item-8775\"><a href=\"https:\/\/www.plasteks.com\/tr\/bigboxb-yuksek-hacimli-buyuk-kasa\/\" class=\"elementor-item\" tabindex=\"-1\">BigBox B\u00fcy\u00fck Kasa<\/a><\/li>\n<li class=\"menu-item menu-item-type-post_type menu-item-object-page menu-item-8779\"><a href=\"https:\/\/www.plasteks.com\/tr\/amerikan-tipi-kova\/\" class=\"elementor-item\" tabindex=\"-1\">Amerikan Tipi Kova<\/a><\/li>\n<li class=\"menu-item menu-item-type-post_type menu-item-object-page menu-item-8776\"><a href=\"https:\/\/www.plasteks.com\/tr\/bocek-ilaclama-plastik-kovalar\/\" class=\"elementor-item\" tabindex=\"-1\">B\u00f6cek \u0130la\u00e7lama Plastik Kovalar<\/a><\/li>\n<li class=\"menu-item menu-item-type-post_type menu-item-object-page menu-item-8778\"><a href=\"https:\/\/www.plasteks.com\/tr\/plastik-palet-ve-kizak-ayak\/\" class=\"elementor-item\" tabindex=\"-1\">Plastik Palet ve K\u0131zak Ayak<\/a><\/li>\n<li class=\"menu-item menu-item-type-post_type menu-item-object-page menu-item-8777\"><a href=\"https:\/\/www.plasteks.com\/tr\/saksi\/\" class=\"elementor-item\" tabindex=\"-1\">Saks\u0131<\/a><\/li>\n<li class=\"menu-item menu-item-type-post_type menu-item-object-page menu-item-8774\"><a href=\"https:\/\/www.plasteks.com\/tr\/tarimsal-urunler\/\" class=\"elementor-item\" tabindex=\"-1\">Tar\u0131msal \u00dcr\u00fcnler<\/a><\/li>\n<\/ul>\t\t\t<\/nav>\n\t\t\t\t<\/div>\n\t\t\t\t<\/div>\n\t\t\t\t\t<\/div>\n\t\t<\/div>\n\t\t\t\t<div class=\"elementor-column elementor-col-33 elementor-top-column elementor-element elementor-element-a56f61d column-style-top\" data-id=\"a56f61d\" data-element_type=\"column\">\n\t\t\t<div class=\"elementor-widget-wrap elementor-element-populated\">\n\t\t\t\t\t\t<div class=\"elementor-element elementor-element-318c0fd elementor-skin-carousel elementor-arrows-yes elementor-pagination-type-bullets elementor-pagination-position-outside elementor-widget elementor-widget-media-carousel\" data-id=\"318c0fd\" data-element_type=\"widget\" data-settings=\"{&quot;effect&quot;:&quot;fade&quot;,&quot;speed&quot;:10,&quot;space_between&quot;:{&quot;unit&quot;:&quot;px&quot;,&quot;size&quot;:0,&quot;sizes&quot;:[]},&quot;autoplay_speed&quot;:2000,&quot;skin&quot;:&quot;carousel&quot;,&quot;show_arrows&quot;:&quot;yes&quot;,&quot;pagination&quot;:&quot;bullets&quot;,&quot;autoplay&quot;:&quot;yes&quot;,&quot;loop&quot;:&quot;yes&quot;,&quot;pause_on_interaction&quot;:&quot;yes&quot;,&quot;space_between_tablet&quot;:{&quot;unit&quot;:&quot;px&quot;,&quot;size&quot;:10,&quot;sizes&quot;:[]},&quot;space_between_mobile&quot;:{&quot;unit&quot;:&quot;px&quot;,&quot;size&quot;:10,&quot;sizes&quot;:[]}}\" data-widget_type=\"media-carousel.default\">\n\t\t\t\t<div class=\"elementor-widget-container\">\n\t\t\t\t\t<div class=\"elementor-swiper\">\n\t\t\t<div class=\"elementor-main-swiper swiper\">\n\t\t\t\t<div class=\"swiper-wrapper\">\n\t\t\t\t\t\t\t\t\t\t\t<div class=\"swiper-slide\">\n\t\t\t\t\t\t\t\t\t<div class=\"elementor-carousel-image\" style=\"background-image: url(&#039;https:\/\/www.plasteks.com\/tr\/wp-content\/uploads\/2022\/02\/GOLGELIK-NETLEME-FILE-ORTULERI-BAGLAMA-KILIT-VE-KLIPSI-YENI-URUN1.jpg&#039;)\">\n\n\t\t\t\n\t\t\t\t\t<\/div>\n\t\t\t\t\t\t\t\t<\/div>\n\t\t\t\t\t\t\t\t\t\t\t<div class=\"swiper-slide\">\n\t\t\t\t\t\t\t\t\t<div class=\"elementor-carousel-image\" style=\"background-image: url(&#039;https:\/\/www.plasteks.com\/tr\/wp-content\/uploads\/2022\/02\/GOLGELIK-NETLEME-FILE-ORTULERI-BAGLAMA-KILIT-VE-KLIPSI-YENI-URUN2.jpg&#039;)\">\n\n\t\t\t\n\t\t\t\t\t<\/div>\n\t\t\t\t\t\t\t\t<\/div>\n\t\t\t\t\t\t\t\t\t\t\t<div class=\"swiper-slide\">\n\t\t\t\t\t\t\t\t\t<div class=\"elementor-carousel-image\" style=\"background-image: url(&#039;https:\/\/www.plasteks.com\/tr\/wp-content\/uploads\/2022\/02\/GOLGELIK-NETLEME-FILE-ORTULERI-BAGLAMA-KILIT-VE-KLIPSI-YENI-URUN3.jpg&#039;)\">\n\n\t\t\t\n\t\t\t\t\t<\/div>\n\t\t\t\t\t\t\t\t<\/div>\n\t\t\t\t\t\t\t\t\t\t\t<div class=\"swiper-slide\">\n\t\t\t\t\t\t\t\t\t<div class=\"elementor-carousel-image\" style=\"background-image: url(&#039;https:\/\/www.plasteks.com\/tr\/wp-content\/uploads\/2022\/02\/GOLGELIK-NETLEME-FILE-ORTULERI-BAGLAMA-KILIT-VE-KLIPSI-YENI-URUN4.jpg&#039;)\">\n\n\t\t\t\n\t\t\t\t\t<\/div>\n\t\t\t\t\t\t\t\t<\/div>\n\t\t\t\t\t\t\t\t\t<\/div>\n\t\t\t\t\t\t\t\t\t\t\t\t\t\t\t<div class=\"swiper-pagination\"><\/div>\n\t\t\t\t\t\t\t\t\t\t\t\t\t\t\t\t<div class=\"elementor-swiper-button elementor-swiper-button-prev\">\n\t\t\t\t\t\t\t<i aria-hidden=\"true\" class=\"eicon-chevron-left\"><\/i>\t\t\t\t\t\t\t<span class=\"elementor-screen-only\">Previous<\/span>\n\t\t\t\t\t\t<\/div>\n\t\t\t\t\t\t<div class=\"elementor-swiper-button elementor-swiper-button-next\">\n\t\t\t\t\t\t\t<i aria-hidden=\"true\" class=\"eicon-chevron-right\"><\/i>\t\t\t\t\t\t\t<span class=\"elementor-screen-only\">Next<\/span>\n\t\t\t\t\t\t<\/div>\n\t\t\t\t\t\t\t\t\t\t\t\t<\/div>\n\t\t<\/div>\n\t\t\t\t<\/div>\n\t\t\t\t<\/div>\n\t\t\t\t\t<\/div>\n\t\t<\/div>\n\t\t\t\t<div class=\"elementor-column elementor-col-33 elementor-top-column elementor-element elementor-element-6ee492d column-style-top\" data-id=\"6ee492d\" data-element_type=\"column\">\n\t\t\t<div class=\"elementor-widget-wrap elementor-element-populated\">\n\t\t\t\t\t\t<div class=\"elementor-element elementor-element-089fa75 elementor-widget elementor-widget-text-editor\" data-id=\"089fa75\" data-element_type=\"widget\" data-widget_type=\"text-editor.default\">\n\t\t\t\t<div class=\"elementor-widget-container\">\n\t\t\t\t\t\t\t<h3>\u00d6zellikler<\/h3><p>\u0130stenilen renklerde \u00fcretimi yap\u0131labilir. Siyah en \u00e7ok tercih edilen renklerdir.<br \/>Monofilement , koruma , g\u00f6lgelik ve dolu t\u00fcllerin \u00a0birbirine sabitlenmesini sa\u011flar.<br \/>Ani hava \u015fartlar\u0131ndan dolay\u0131 \u00f6rt\u00fclerin y\u0131rt\u0131lmas\u0131n\u0131 \u00f6nler.<br \/>Ani durumlarda kolay tak\u0131l\u0131p ve ayr\u0131l\u0131r.B\u00f6ylece \u00f6zellikle dolu zarar\u0131n\u0131 \u00f6nler\u00a0<br \/>%100 orjinal hammadde ve UV katk\u0131s\u0131ndan dolay\u0131, uzun y\u0131llar kulan\u0131labilir.<br \/>\u00a0<\/p><h3>Kullan\u0131m Alanlar\u0131<\/h3><p>\u00d6zellikle Elma,\u00dcz\u00fcm,Kiraz bah\u00e7elerinde , serac\u0131l\u0131k, peyzajc\u0131l\u0131k \u00e7i\u00e7ek\u00e7ilik ve hayvanc\u0131l\u0131k alanlar\u0131nda kullan\u0131lmaktad\u0131r.<\/p>\t\t\t\t\t\t<\/div>\n\t\t\t\t<\/div>\n\t\t\t\t\t<\/div>\n\t\t<\/div>\n\t\t\t\t\t<\/div>\n\t\t<\/section>\n\t\t\t\t<\/div>\n\t\t","protected":false},"excerpt":{"rendered":"<p>Previous Next \u00d6zellikler \u0130stenilen renklerde \u00fcretimi yap\u0131labilir. Siyah en \u00e7ok tercih edilen renklerdir.Monofilement , koruma , g\u00f6lgelik ve dolu t\u00fcllerin \u00a0birbirine sabitlenmesini sa\u011flar.Ani hava \u015fartlar\u0131ndan dolay\u0131 \u00f6rt\u00fclerin y\u0131rt\u0131lmas\u0131n\u0131 \u00f6nler.Ani durumlarda kolay tak\u0131l\u0131p ve ayr\u0131l\u0131r.B\u00f6ylece \u00f6zellikle dolu zarar\u0131n\u0131 \u00f6nler\u00a0%100 orjinal hammadde ve UV katk\u0131s\u0131ndan dolay\u0131, uzun y\u0131llar kulan\u0131labilir.\u00a0 Kullan\u0131m Alanlar\u0131 \u00d6zellikle Elma,\u00dcz\u00fcm,Kiraz bah\u00e7elerinde , serac\u0131l\u0131k, peyzajc\u0131l\u0131k [&hellip;]<\/p>\n","protected":false},"author":1,"featured_media":0,"parent":0,"menu_order":0,"comment_status":"closed","ping_status":"closed","template":"","meta":{"_kadence_starter_templates_imported_post":false,"footnotes":""},"class_list":["post-10906","page","type-page","status-publish","hentry"],"_links":{"self":[{"href":"https:\/\/www.plasteks.com\/tr\/wp-json\/wp\/v2\/pages\/10906","targetHints":{"allow":["GET"]}}],"collection":[{"href":"https:\/\/www.plasteks.com\/tr\/wp-json\/wp\/v2\/pages"}],"about":[{"href":"https:\/\/www.plasteks.com\/tr\/wp-json\/wp\/v2\/types\/page"}],"author":[{"embeddable":true,"href":"https:\/\/www.plasteks.com\/tr\/wp-json\/wp\/v2\/users\/1"}],"replies":[{"embeddable":true,"href":"https:\/\/www.plasteks.com\/tr\/wp-json\/wp\/v2\/comments?post=10906"}],"version-history":[{"count":9,"href":"https:\/\/www.plasteks.com\/tr\/wp-json\/wp\/v2\/pages\/10906\/revisions"}],"predecessor-version":[{"id":10966,"href":"https:\/\/www.plasteks.com\/tr\/wp-json\/wp\/v2\/pages\/10906\/revisions\/10966"}],"wp:attachment":[{"href":"https:\/\/www.plasteks.com\/tr\/wp-json\/wp\/v2\/media?parent=10906"}],"curies":[{"name":"wp","href":"https:\/\/api.w.org\/{rel}","templated":true}]}}