{"id":14,"date":"2022-01-26T08:11:34","date_gmt":"2022-01-26T05:11:34","guid":{"rendered":"https:\/\/www.plasteks.com\/tr\/?page_id=14"},"modified":"2024-08-05T09:30:08","modified_gmt":"2024-08-05T06:30:08","slug":"insan-kaynaklari","status":"publish","type":"page","link":"https:\/\/www.plasteks.com\/tr\/insan-kaynaklari\/","title":{"rendered":"\u0130nsan Kaynaklar\u0131"},"content":{"rendered":"\t\t<div data-elementor-type=\"wp-page\" data-elementor-id=\"14\" class=\"elementor elementor-14\">\n\t\t\t\t\t\t<section class=\"elementor-section elementor-top-section elementor-element elementor-element-85e04fb elementor-section-full_width elementor-section-stretched elementor-section-height-default elementor-section-height-default\" data-id=\"85e04fb\" data-element_type=\"section\" data-settings=\"{&quot;stretch_section&quot;:&quot;section-stretched&quot;,&quot;background_background&quot;:&quot;classic&quot;}\">\n\t\t\t\t\t\t\t<div class=\"elementor-background-overlay\"><\/div>\n\t\t\t\t\t\t\t<div class=\"elementor-container elementor-column-gap-no\">\n\t\t\t\t\t<div class=\"elementor-column elementor-col-50 elementor-top-column elementor-element elementor-element-51ce831 column-style-top\" data-id=\"51ce831\" data-element_type=\"column\">\n\t\t\t<div class=\"elementor-widget-wrap elementor-element-populated\">\n\t\t\t\t\t\t\t<\/div>\n\t\t<\/div>\n\t\t\t\t<div class=\"elementor-column elementor-col-50 elementor-top-column elementor-element elementor-element-060507a column-style-top\" data-id=\"060507a\" data-element_type=\"column\">\n\t\t\t<div class=\"elementor-widget-wrap\">\n\t\t\t\t\t\t\t<\/div>\n\t\t<\/div>\n\t\t\t\t\t<\/div>\n\t\t<\/section>\n\t\t\t\t<section class=\"elementor-section elementor-top-section elementor-element elementor-element-333e72c3 elementor-section-boxed elementor-section-height-default elementor-section-height-default\" data-id=\"333e72c3\" data-element_type=\"section\">\n\t\t\t\t\t\t<div class=\"elementor-container elementor-column-gap-default\">\n\t\t\t\t\t<div class=\"elementor-column elementor-col-100 elementor-top-column elementor-element elementor-element-13f7f6e2 column-style-top\" data-id=\"13f7f6e2\" data-element_type=\"column\">\n\t\t\t<div class=\"elementor-widget-wrap elementor-element-populated\">\n\t\t\t\t\t\t<div class=\"elementor-element elementor-element-bc95783 elementor-widget elementor-widget-text-editor\" data-id=\"bc95783\" data-element_type=\"widget\" data-widget_type=\"text-editor.default\">\n\t\t\t\t<div class=\"elementor-widget-container\">\n\t\t\t\t\t\t\t<p>\u00a0<\/p><p>\u0130nsan Kaynaklar\u0131 politikam\u0131z\u0131; m\u00fc\u015fteri odakl\u0131 yakla\u015f\u0131m\u0131m\u0131z ile do\u011fru ki\u015fileri do\u011fru i\u015fe yerle\u015ftirmek, \u015firketimiz i\u00e7erisinde y\u00fcksek potansiyelleri se\u00e7mek, rotasyon uygulamalar\u0131 ile \u00e7e\u015fitli i\u015f dallar\u0131nda geli\u015fimlerini sa\u011flamak, performans y\u00f6netim sistemi ile performanslar\u0131n\u0131 de\u011ferlendirmek, ve atamalar ile kariyer planlamas\u0131 yapmak ve \u00e7al\u0131\u015fanlar\u0131m\u0131z ile uzun vadeli i\u015fbirli\u011fimizi s\u00fcrd\u00fcrmek olarak tan\u0131mlayabiliriz.<\/p><p>Her zaman, kaliteli zaman ve bilgi payla\u015f\u0131m\u0131 ile etik bak\u0131\u015f a\u00e7\u0131m\u0131zdan asla vazge\u00e7meden konulara yakla\u015farak g\u00fcven veren vizyon ve misyonumuzla yeni fikirlere a\u00e7\u0131k, yarat\u0131c\u0131, g\u00fcvenilir, \u00e7a\u011fda\u015f insan kaynaklar\u0131 politikalar\u0131 uygulayarak sizlerin yan\u0131nda olaca\u011f\u0131z.<\/p><p><span style=\"color: #000000;\"><strong>\u0130nsan Kaynaklar\u0131n\u0131n Misyonu<\/strong><\/span><\/p><p>Sekt\u00f6r\u00fcnde \u00f6nc\u00fc bir kurulu\u015f olan PLASTEKS, \u00e7al\u0131\u015fanlar\u0131n\u0131n bireysel ve profesyonel geli\u015fimlerini tamamlamalar\u0131 i\u00e7in her t\u00fcrl\u00fc f\u0131rsat\u0131 yarat\u0131r. \u0130nsan Kaynaklar\u0131n\u0131n misyonu, alan\u0131nda \u00fcst\u00fcn nitelikli \u00e7al\u0131\u015fanlar i\u00e7in en \u00e7ok tercih edilen \u015firket olmas\u0131n\u0131 sa\u011flamakt\u0131r.<\/p><p><span style=\"color: #000000;\"><strong>\u0130nsan Kaynaklar\u0131n\u0131n Vizyonu<\/strong><\/span><\/p><p>\u00c7al\u0131\u015fanlar\u0131m\u0131za heyecan ve gurur veren bir \u00e7al\u0131\u015fma ortam\u0131 yaratarak, \u015firketimizin s\u00fcrekli ba\u015far\u0131s\u0131nda en b\u00fcy\u00fck etken olan \u00e7al\u0131\u015fan memnuniyetinin devaml\u0131l\u0131\u011f\u0131n\u0131 sa\u011flamak; m\u00fc\u015fteri odakl\u0131, topluma kar\u015f\u0131 sorumlu ve etik de\u011ferlere \u00f6nem veren, daima kazanmay\u0131 hedefleyen \u015firketimizin y\u00fcksek nitelikli \u00e7al\u0131\u015fanlar\u0131n\u0131n bilgi, beceri ve yetkinliklerini geli\u015ftirip; potansiyellerini ortaya \u00e7\u0131kar\u0131p, s\u00fcrekli \u00fcst\u00fcn performans g\u00f6stermelerini sa\u011flayarak, Tar\u0131m sekt\u00f6r\u00fcnde en \u00e7ok tercih edilen \u015firket olmak ve bu konumu korumakt\u0131r.<\/p>\t\t\t\t\t\t<\/div>\n\t\t\t\t<\/div>\n\t\t\t\t\t<\/div>\n\t\t<\/div>\n\t\t\t\t\t<\/div>\n\t\t<\/section>\n\t\t\t\t<section class=\"elementor-section elementor-top-section elementor-element elementor-element-f957a78 elementor-section-boxed elementor-section-height-default elementor-section-height-default\" data-id=\"f957a78\" data-element_type=\"section\">\n\t\t\t\t\t\t<div class=\"elementor-container elementor-column-gap-default\">\n\t\t\t\t\t<div class=\"elementor-column elementor-col-33 elementor-top-column elementor-element elementor-element-7ce3442 column-style-top\" data-id=\"7ce3442\" data-element_type=\"column\">\n\t\t\t<div class=\"elementor-widget-wrap elementor-element-populated\">\n\t\t\t\t\t\t<div class=\"elementor-element elementor-element-63c9bfd elementor-widget elementor-widget-text-editor\" data-id=\"63c9bfd\" data-element_type=\"widget\" data-widget_type=\"text-editor.default\">\n\t\t\t\t<div class=\"elementor-widget-container\">\n\t\t\t\t\t\t\t<p><strong>Tarih<\/strong><\/p>\t\t\t\t\t\t<\/div>\n\t\t\t\t<\/div>\n\t\t\t\t\t<\/div>\n\t\t<\/div>\n\t\t\t\t<div class=\"elementor-column elementor-col-33 elementor-top-column elementor-element elementor-element-2175319 column-style-top\" data-id=\"2175319\" data-element_type=\"column\">\n\t\t\t<div class=\"elementor-widget-wrap elementor-element-populated\">\n\t\t\t\t\t\t<div class=\"elementor-element elementor-element-41e4843 elementor-widget elementor-widget-text-editor\" data-id=\"41e4843\" data-element_type=\"widget\" data-widget_type=\"text-editor.default\">\n\t\t\t\t<div class=\"elementor-widget-container\">\n\t\t\t\t\t\t\t<p><strong>Pozisyon<\/strong><\/p>\t\t\t\t\t\t<\/div>\n\t\t\t\t<\/div>\n\t\t\t\t\t<\/div>\n\t\t<\/div>\n\t\t\t\t<div class=\"elementor-column elementor-col-33 elementor-top-column elementor-element elementor-element-a93a279 column-style-top\" data-id=\"a93a279\" data-element_type=\"column\">\n\t\t\t<div class=\"elementor-widget-wrap elementor-element-populated\">\n\t\t\t\t\t\t<div class=\"elementor-element elementor-element-94ba46f elementor-widget elementor-widget-text-editor\" data-id=\"94ba46f\" data-element_type=\"widget\" data-widget_type=\"text-editor.default\">\n\t\t\t\t<div class=\"elementor-widget-container\">\n\t\t\t\t\t\t\t<p><strong>A\u00e7\u0131klama<\/strong><\/p>\t\t\t\t\t\t<\/div>\n\t\t\t\t<\/div>\n\t\t\t\t\t<\/div>\n\t\t<\/div>\n\t\t\t\t\t<\/div>\n\t\t<\/section>\n\t\t\t\t<section class=\"elementor-section elementor-top-section elementor-element elementor-element-7cc6744 elementor-section-boxed elementor-section-height-default elementor-section-height-default\" data-id=\"7cc6744\" data-element_type=\"section\">\n\t\t\t\t\t\t<div class=\"elementor-container elementor-column-gap-default\">\n\t\t\t\t\t<div class=\"elementor-column elementor-col-33 elementor-top-column elementor-element elementor-element-fa22337 column-style-top\" data-id=\"fa22337\" data-element_type=\"column\">\n\t\t\t<div class=\"elementor-widget-wrap elementor-element-populated\">\n\t\t\t\t\t\t<div class=\"elementor-element elementor-element-fd545ef elementor-widget elementor-widget-text-editor\" data-id=\"fd545ef\" data-element_type=\"widget\" data-widget_type=\"text-editor.default\">\n\t\t\t\t<div class=\"elementor-widget-container\">\n\t\t\t\t\t\t\t<p>19 Aral\u0131k 2016<\/p>\t\t\t\t\t\t<\/div>\n\t\t\t\t<\/div>\n\t\t\t\t\t<\/div>\n\t\t<\/div>\n\t\t\t\t<div class=\"elementor-column elementor-col-33 elementor-top-column elementor-element elementor-element-328edc6 column-style-top\" data-id=\"328edc6\" data-element_type=\"column\">\n\t\t\t<div class=\"elementor-widget-wrap elementor-element-populated\">\n\t\t\t\t\t\t<div class=\"elementor-element elementor-element-6d06494 elementor-widget elementor-widget-text-editor\" data-id=\"6d06494\" data-element_type=\"widget\" data-widget_type=\"text-editor.default\">\n\t\t\t\t<div class=\"elementor-widget-container\">\n\t\t\t\t\t\t\t\u00dcretim \u015eefi\t\t\t\t\t\t<\/div>\n\t\t\t\t<\/div>\n\t\t\t\t\t<\/div>\n\t\t<\/div>\n\t\t\t\t<div class=\"elementor-column elementor-col-33 elementor-top-column elementor-element elementor-element-b35911d column-style-top\" data-id=\"b35911d\" data-element_type=\"column\">\n\t\t\t<div class=\"elementor-widget-wrap elementor-element-populated\">\n\t\t\t\t\t\t<div class=\"elementor-element elementor-element-6e99756 elementor-widget elementor-widget-text-editor\" data-id=\"6e99756\" data-element_type=\"widget\" data-widget_type=\"text-editor.default\">\n\t\t\t\t<div class=\"elementor-widget-container\">\n\t\t\t\t\t\t\t\u00dcretim tesisimizde g\u00f6rev alacak tak\u0131m arkada\u015f\u0131 aray\u0131\u015f\u0131m\u0131z vard\u0131r.\t\t\t\t\t\t<\/div>\n\t\t\t\t<\/div>\n\t\t\t\t\t<\/div>\n\t\t<\/div>\n\t\t\t\t\t<\/div>\n\t\t<\/section>\n\t\t\t\t<section class=\"elementor-section elementor-top-section elementor-element elementor-element-beef945 elementor-section-boxed elementor-section-height-default elementor-section-height-default\" data-id=\"beef945\" data-element_type=\"section\">\n\t\t\t\t\t\t<div class=\"elementor-container elementor-column-gap-default\">\n\t\t\t\t\t<div class=\"elementor-column elementor-col-33 elementor-top-column elementor-element elementor-element-88bdc47 column-style-top\" data-id=\"88bdc47\" data-element_type=\"column\">\n\t\t\t<div class=\"elementor-widget-wrap elementor-element-populated\">\n\t\t\t\t\t\t<div class=\"elementor-element elementor-element-4306a6e elementor-widget elementor-widget-text-editor\" data-id=\"4306a6e\" data-element_type=\"widget\" data-widget_type=\"text-editor.default\">\n\t\t\t\t<div class=\"elementor-widget-container\">\n\t\t\t\t\t\t\t03 Eyl\u00fcl 2016\t\t\t\t\t\t<\/div>\n\t\t\t\t<\/div>\n\t\t\t\t\t<\/div>\n\t\t<\/div>\n\t\t\t\t<div class=\"elementor-column elementor-col-33 elementor-top-column elementor-element elementor-element-7e691f6 column-style-top\" data-id=\"7e691f6\" data-element_type=\"column\">\n\t\t\t<div class=\"elementor-widget-wrap elementor-element-populated\">\n\t\t\t\t\t\t<div class=\"elementor-element elementor-element-88ff7b6 elementor-widget elementor-widget-text-editor\" data-id=\"88ff7b6\" data-element_type=\"widget\" data-widget_type=\"text-editor.default\">\n\t\t\t\t<div class=\"elementor-widget-container\">\n\t\t\t\t\t\t\t<p>Ara\u015ft\u0131rmac\u0131<\/p>\t\t\t\t\t\t<\/div>\n\t\t\t\t<\/div>\n\t\t\t\t\t<\/div>\n\t\t<\/div>\n\t\t\t\t<div class=\"elementor-column elementor-col-33 elementor-top-column elementor-element elementor-element-f9a9ee1 column-style-top\" data-id=\"f9a9ee1\" data-element_type=\"column\">\n\t\t\t<div class=\"elementor-widget-wrap elementor-element-populated\">\n\t\t\t\t\t\t<div class=\"elementor-element elementor-element-f60dc50 elementor-widget elementor-widget-text-editor\" data-id=\"f60dc50\" data-element_type=\"widget\" data-widget_type=\"text-editor.default\">\n\t\t\t\t<div class=\"elementor-widget-container\">\n\t\t\t\t\t\t\t\u0130n\u015faat ve Yal\u0131t\u0131m Malzemeleri \u00fcretiminde faaliyet g\u00f6steren PLASTEKS&#8217;in yenilik\u00e7i Ar-Ge organizasyonunda g\u00f6rev alacak &#8216;Ara\u015ft\u0131rmac\u0131&#8217; tak\u0131m arkada\u015f\u0131 aray\u0131\u015f\u0131m\u0131z vard\u0131r\t\t\t\t\t\t<\/div>\n\t\t\t\t<\/div>\n\t\t\t\t\t<\/div>\n\t\t<\/div>\n\t\t\t\t\t<\/div>\n\t\t<\/section>\n\t\t\t\t<section class=\"elementor-section elementor-top-section elementor-element elementor-element-9880bcd elementor-section-boxed elementor-section-height-default elementor-section-height-default\" data-id=\"9880bcd\" data-element_type=\"section\">\n\t\t\t\t\t\t<div class=\"elementor-container elementor-column-gap-default\">\n\t\t\t\t\t<div class=\"elementor-column elementor-col-33 elementor-top-column elementor-element elementor-element-0c182f2 column-style-top\" data-id=\"0c182f2\" data-element_type=\"column\">\n\t\t\t<div class=\"elementor-widget-wrap elementor-element-populated\">\n\t\t\t\t\t\t<div class=\"elementor-element elementor-element-77ef2fc elementor-widget elementor-widget-text-editor\" data-id=\"77ef2fc\" data-element_type=\"widget\" data-widget_type=\"text-editor.default\">\n\t\t\t\t<div class=\"elementor-widget-container\">\n\t\t\t\t\t\t\t<p>19 Aral\u0131k 2016<\/p>\t\t\t\t\t\t<\/div>\n\t\t\t\t<\/div>\n\t\t\t\t\t<\/div>\n\t\t<\/div>\n\t\t\t\t<div class=\"elementor-column elementor-col-33 elementor-top-column elementor-element elementor-element-cc6d816 column-style-top\" data-id=\"cc6d816\" data-element_type=\"column\">\n\t\t\t<div class=\"elementor-widget-wrap elementor-element-populated\">\n\t\t\t\t\t\t<div class=\"elementor-element elementor-element-7ddf1f8 elementor-widget elementor-widget-text-editor\" data-id=\"7ddf1f8\" data-element_type=\"widget\" data-widget_type=\"text-editor.default\">\n\t\t\t\t<div class=\"elementor-widget-container\">\n\t\t\t\t\t\t\t<p>\u00dcretim Hatt\u0131 Eleman\u0131 (makine operat\u00f6r\u00fc)<\/p>\t\t\t\t\t\t<\/div>\n\t\t\t\t<\/div>\n\t\t\t\t\t<\/div>\n\t\t<\/div>\n\t\t\t\t<div class=\"elementor-column elementor-col-33 elementor-top-column elementor-element elementor-element-b7d5fc0 column-style-top\" data-id=\"b7d5fc0\" data-element_type=\"column\">\n\t\t\t<div class=\"elementor-widget-wrap elementor-element-populated\">\n\t\t\t\t\t\t<div class=\"elementor-element elementor-element-39fc85e elementor-widget elementor-widget-text-editor\" data-id=\"39fc85e\" data-element_type=\"widget\" data-widget_type=\"text-editor.default\">\n\t\t\t\t<div class=\"elementor-widget-container\">\n\t\t\t\t\t\t\tPlastik Enjeksiyon Ambalaj malzemeleri \u00fcretiminde faaliyet g\u00f6steren  i\u015fletmesinde g\u00f6rev alacak tak\u0131m arkda\u015f\u0131 aray\u0131\u015f\u0131m\u0131z vard\u0131r.\t\t\t\t\t\t<\/div>\n\t\t\t\t<\/div>\n\t\t\t\t\t<\/div>\n\t\t<\/div>\n\t\t\t\t\t<\/div>\n\t\t<\/section>\n\t\t\t\t<\/div>\n\t\t","protected":false},"excerpt":{"rendered":"<p>\u00a0 \u0130nsan Kaynaklar\u0131 politikam\u0131z\u0131; m\u00fc\u015fteri odakl\u0131 yakla\u015f\u0131m\u0131m\u0131z ile do\u011fru ki\u015fileri do\u011fru i\u015fe yerle\u015ftirmek, \u015firketimiz i\u00e7erisinde y\u00fcksek potansiyelleri se\u00e7mek, rotasyon uygulamalar\u0131 ile \u00e7e\u015fitli i\u015f dallar\u0131nda geli\u015fimlerini sa\u011flamak, performans y\u00f6netim sistemi ile performanslar\u0131n\u0131 de\u011ferlendirmek, ve atamalar ile kariyer planlamas\u0131 yapmak ve \u00e7al\u0131\u015fanlar\u0131m\u0131z ile uzun vadeli i\u015fbirli\u011fimizi s\u00fcrd\u00fcrmek olarak tan\u0131mlayabiliriz. Her zaman, kaliteli zaman ve bilgi payla\u015f\u0131m\u0131 ile [&hellip;]<\/p>\n","protected":false},"author":1,"featured_media":0,"parent":0,"menu_order":0,"comment_status":"closed","ping_status":"closed","template":"","meta":{"_kadence_starter_templates_imported_post":false,"footnotes":""},"class_list":["post-14","page","type-page","status-publish","hentry"],"_links":{"self":[{"href":"https:\/\/www.plasteks.com\/tr\/wp-json\/wp\/v2\/pages\/14","targetHints":{"allow":["GET"]}}],"collection":[{"href":"https:\/\/www.plasteks.com\/tr\/wp-json\/wp\/v2\/pages"}],"about":[{"href":"https:\/\/www.plasteks.com\/tr\/wp-json\/wp\/v2\/types\/page"}],"author":[{"embeddable":true,"href":"https:\/\/www.plasteks.com\/tr\/wp-json\/wp\/v2\/users\/1"}],"replies":[{"embeddable":true,"href":"https:\/\/www.plasteks.com\/tr\/wp-json\/wp\/v2\/comments?post=14"}],"version-history":[{"count":48,"href":"https:\/\/www.plasteks.com\/tr\/wp-json\/wp\/v2\/pages\/14\/revisions"}],"predecessor-version":[{"id":11357,"href":"https:\/\/www.plasteks.com\/tr\/wp-json\/wp\/v2\/pages\/14\/revisions\/11357"}],"wp:attachment":[{"href":"https:\/\/www.plasteks.com\/tr\/wp-json\/wp\/v2\/media?parent=14"}],"curies":[{"name":"wp","href":"https:\/\/api.w.org\/{rel}","templated":true}]}}