{"id":7968,"date":"2020-04-11T08:36:29","date_gmt":"2020-04-11T08:36:29","guid":{"rendered":"https:\/\/www.gavias-theme.com\/wp\/codesk\/?page_id=7968"},"modified":"2024-08-05T14:40:21","modified_gmt":"2024-08-05T11:40:21","slug":"haberler","status":"publish","type":"page","link":"https:\/\/www.plasteks.com\/tr\/haberler\/","title":{"rendered":"Haberler"},"content":{"rendered":"\t\t<div data-elementor-type=\"wp-page\" data-elementor-id=\"7968\" class=\"elementor elementor-7968\">\n\t\t\t\t\t\t<section class=\"elementor-section elementor-top-section elementor-element elementor-element-fb3a3ee elementor-section-full_width elementor-section-stretched elementor-section-height-default elementor-section-height-default\" data-id=\"fb3a3ee\" data-element_type=\"section\" data-settings=\"{&quot;stretch_section&quot;:&quot;section-stretched&quot;,&quot;background_background&quot;:&quot;classic&quot;}\">\n\t\t\t\t\t\t\t<div class=\"elementor-background-overlay\"><\/div>\n\t\t\t\t\t\t\t<div class=\"elementor-container elementor-column-gap-no\">\n\t\t\t\t\t<div class=\"elementor-column elementor-col-50 elementor-top-column elementor-element elementor-element-a709d08 column-style-top\" data-id=\"a709d08\" data-element_type=\"column\">\n\t\t\t<div class=\"elementor-widget-wrap elementor-element-populated\">\n\t\t\t\t\t\t\t<\/div>\n\t\t<\/div>\n\t\t\t\t<div class=\"elementor-column elementor-col-50 elementor-top-column elementor-element elementor-element-046922b column-style-top\" data-id=\"046922b\" data-element_type=\"column\">\n\t\t\t<div class=\"elementor-widget-wrap\">\n\t\t\t\t\t\t\t<\/div>\n\t\t<\/div>\n\t\t\t\t\t<\/div>\n\t\t<\/section>\n\t\t\t\t<section class=\"elementor-section elementor-top-section elementor-element elementor-element-069be35 elementor-section-boxed elementor-section-height-default elementor-section-height-default\" data-id=\"069be35\" data-element_type=\"section\">\n\t\t\t\t\t\t<div class=\"elementor-container elementor-column-gap-default\">\n\t\t\t\t\t<div class=\"elementor-column elementor-col-100 elementor-top-column elementor-element elementor-element-bbc76e9 column-style-top\" data-id=\"bbc76e9\" data-element_type=\"column\">\n\t\t\t<div class=\"elementor-widget-wrap elementor-element-populated\">\n\t\t\t\t\t\t<div class=\"elementor-element elementor-element-1ddb47c elementor-widget elementor-widget-toggle\" data-id=\"1ddb47c\" data-element_type=\"widget\" data-widget_type=\"toggle.default\">\n\t\t\t\t<div class=\"elementor-widget-container\">\n\t\t\t\t\t<div class=\"elementor-toggle\">\n\t\t\t\t\t\t\t<div class=\"elementor-toggle-item\">\n\t\t\t\t\t<div id=\"elementor-tab-title-3131\" class=\"elementor-tab-title\" data-tab=\"1\" role=\"button\" aria-controls=\"elementor-tab-content-3131\" aria-expanded=\"false\">\n\t\t\t\t\t\t\t\t\t\t\t\t<span class=\"elementor-toggle-icon elementor-toggle-icon-left\" aria-hidden=\"true\">\n\t\t\t\t\t\t\t\t\t\t\t\t\t\t\t<span class=\"elementor-toggle-icon-closed\"><i class=\"fas fa-angle-double-down\"><\/i><\/span>\n\t\t\t\t\t\t\t\t<span class=\"elementor-toggle-icon-opened\"><i class=\"elementor-toggle-icon-opened fas fa-caret-up\"><\/i><\/span>\n\t\t\t\t\t\t\t\t\t\t\t\t\t<\/span>\n\t\t\t\t\t\t\t\t\t\t\t\t<a class=\"elementor-toggle-title\" tabindex=\"0\">ALTIN AMBALAJ    -    01 \/ Aral\u0131k \/ 1998<\/a>\n\t\t\t\t\t<\/div>\n\n\t\t\t\t\t<div id=\"elementor-tab-content-3131\" class=\"elementor-tab-content elementor-clearfix\" data-tab=\"1\" role=\"region\" aria-labelledby=\"elementor-tab-title-3131\"><p>Plastik konusunda ilklere imza atan Plasteks bu y\u0131l da Plastik Palet ve K\u0131zak ayak \u00fcr\u00fcn\u00fc ile &#8220;ALTIN AMBALAJ&#8221; \u00f6d\u00fcl\u00fcne lay\u0131k g\u00f6r\u00fcld\u00fc<\/p><\/div>\n\t\t\t\t<\/div>\n\t\t\t\t\t\t\t<div class=\"elementor-toggle-item\">\n\t\t\t\t\t<div id=\"elementor-tab-title-3132\" class=\"elementor-tab-title\" data-tab=\"2\" role=\"button\" aria-controls=\"elementor-tab-content-3132\" aria-expanded=\"false\">\n\t\t\t\t\t\t\t\t\t\t\t\t<span class=\"elementor-toggle-icon elementor-toggle-icon-left\" aria-hidden=\"true\">\n\t\t\t\t\t\t\t\t\t\t\t\t\t\t\t<span class=\"elementor-toggle-icon-closed\"><i class=\"fas fa-angle-double-down\"><\/i><\/span>\n\t\t\t\t\t\t\t\t<span class=\"elementor-toggle-icon-opened\"><i class=\"elementor-toggle-icon-opened fas fa-caret-up\"><\/i><\/span>\n\t\t\t\t\t\t\t\t\t\t\t\t\t<\/span>\n\t\t\t\t\t\t\t\t\t\t\t\t<a class=\"elementor-toggle-title\" tabindex=\"0\">\u00dcR\u00dcNLER\u0130M\u0130Z - 05 \/ Eyl\u00fcl \/ 2016<\/a>\n\t\t\t\t\t<\/div>\n\n\t\t\t\t\t<div id=\"elementor-tab-content-3132\" class=\"elementor-tab-content elementor-clearfix\" data-tab=\"2\" role=\"region\" aria-labelledby=\"elementor-tab-title-3132\"><p>T\u00fcrkiye\u2019ye bug\u00fcne kadar gelmi\u015f en b\u00fcy\u00fck enjeksiyon makinesini (4500 ton) envanterimize dahil ettik. Kal\u0131plar\u0131m\u0131z\u0131 \u0130talya&#8217;dan yapt\u0131rarak, \u00fcr\u00fcn\u00fcm\u00fcz\u00fc piyasaya sunduk. \u00dcr\u00fcn\u00fcm\u00fcz Yapt\u0131\u011f\u0131m\u0131z Pazar ara\u015ft\u0131rmalar\u0131nda \u00e7ok be\u011fenildi ve siz de\u011ferli m\u00fc\u015fterilerimizden olumlu geri d\u00f6n\u00fc\u015fler ald\u0131k. \u00d6zellikle rakip \u00fcr\u00fcnlerin sanayi-tar\u0131m ortak ama\u00e7l\u0131 olmas\u0131na kar\u015f\u0131n \u00fcr\u00fcn\u00fcm\u00fcz \u00f6zellikle tar\u0131msal alandaki hatalara g\u00f6re geli\u015ftirdi\u011fimiz i\u00e7in \u00f6zel bir \u00fcr\u00fcn oldu\u011fu herkes taraf\u0131ndan kabul edilmektedir.<\/p><\/div>\n\t\t\t\t<\/div>\n\t\t\t\t\t\t\t\t<\/div>\n\t\t\t\t<\/div>\n\t\t\t\t<\/div>\n\t\t\t\t\t<\/div>\n\t\t<\/div>\n\t\t\t\t\t<\/div>\n\t\t<\/section>\n\t\t\t\t<\/div>\n\t\t","protected":false},"excerpt":{"rendered":"<p>ALTIN AMBALAJ &#8211; 01 \/ Aral\u0131k \/ 1998 Plastik konusunda ilklere imza atan Plasteks bu y\u0131l da Plastik Palet ve K\u0131zak ayak \u00fcr\u00fcn\u00fc ile &#8220;ALTIN AMBALAJ&#8221; \u00f6d\u00fcl\u00fcne lay\u0131k g\u00f6r\u00fcld\u00fc \u00dcR\u00dcNLER\u0130M\u0130Z &#8211; 05 \/ Eyl\u00fcl \/ 2016 T\u00fcrkiye\u2019ye bug\u00fcne kadar gelmi\u015f en b\u00fcy\u00fck enjeksiyon makinesini (4500 ton) envanterimize dahil ettik. Kal\u0131plar\u0131m\u0131z\u0131 \u0130talya&#8217;dan yapt\u0131rarak, \u00fcr\u00fcn\u00fcm\u00fcz\u00fc piyasaya sunduk. [&hellip;]<\/p>\n","protected":false},"author":1,"featured_media":0,"parent":0,"menu_order":0,"comment_status":"closed","ping_status":"closed","template":"","meta":{"_kadence_starter_templates_imported_post":false,"footnotes":""},"class_list":["post-7968","page","type-page","status-publish","hentry"],"_links":{"self":[{"href":"https:\/\/www.plasteks.com\/tr\/wp-json\/wp\/v2\/pages\/7968","targetHints":{"allow":["GET"]}}],"collection":[{"href":"https:\/\/www.plasteks.com\/tr\/wp-json\/wp\/v2\/pages"}],"about":[{"href":"https:\/\/www.plasteks.com\/tr\/wp-json\/wp\/v2\/types\/page"}],"author":[{"embeddable":true,"href":"https:\/\/www.plasteks.com\/tr\/wp-json\/wp\/v2\/users\/1"}],"replies":[{"embeddable":true,"href":"https:\/\/www.plasteks.com\/tr\/wp-json\/wp\/v2\/comments?post=7968"}],"version-history":[{"count":42,"href":"https:\/\/www.plasteks.com\/tr\/wp-json\/wp\/v2\/pages\/7968\/revisions"}],"predecessor-version":[{"id":11366,"href":"https:\/\/www.plasteks.com\/tr\/wp-json\/wp\/v2\/pages\/7968\/revisions\/11366"}],"wp:attachment":[{"href":"https:\/\/www.plasteks.com\/tr\/wp-json\/wp\/v2\/media?parent=7968"}],"curies":[{"name":"wp","href":"https:\/\/api.w.org\/{rel}","templated":true}]}}