{"id":8741,"date":"2022-02-01T21:31:52","date_gmt":"2022-02-01T21:31:52","guid":{"rendered":"https:\/\/www.plasteks.com\/tr\/?page_id=8741"},"modified":"2024-08-05T09:21:06","modified_gmt":"2024-08-05T06:21:06","slug":"plastik-palet-ve-kizak-ayak","status":"publish","type":"page","link":"https:\/\/www.plasteks.com\/tr\/plastik-palet-ve-kizak-ayak\/","title":{"rendered":"Plastik Palet ve K\u0131zak Ayak"},"content":{"rendered":"\t\t<div data-elementor-type=\"wp-page\" data-elementor-id=\"8741\" class=\"elementor elementor-8741\">\n\t\t\t\t\t\t<section class=\"elementor-section elementor-top-section elementor-element elementor-element-196d2bd elementor-section-full_width elementor-section-stretched elementor-section-height-default elementor-section-height-default\" data-id=\"196d2bd\" data-element_type=\"section\" data-settings=\"{&quot;stretch_section&quot;:&quot;section-stretched&quot;,&quot;background_background&quot;:&quot;classic&quot;}\">\n\t\t\t\t\t\t\t<div class=\"elementor-background-overlay\"><\/div>\n\t\t\t\t\t\t\t<div class=\"elementor-container elementor-column-gap-no\">\n\t\t\t\t\t<div class=\"elementor-column elementor-col-50 elementor-top-column elementor-element elementor-element-1888643 column-style-top\" data-id=\"1888643\" data-element_type=\"column\">\n\t\t\t<div class=\"elementor-widget-wrap elementor-element-populated\">\n\t\t\t\t\t\t\t<\/div>\n\t\t<\/div>\n\t\t\t\t<div class=\"elementor-column elementor-col-50 elementor-top-column elementor-element elementor-element-fc73a5f column-style-top\" data-id=\"fc73a5f\" data-element_type=\"column\">\n\t\t\t<div class=\"elementor-widget-wrap\">\n\t\t\t\t\t\t\t<\/div>\n\t\t<\/div>\n\t\t\t\t\t<\/div>\n\t\t<\/section>\n\t\t\t\t<section class=\"elementor-section elementor-top-section elementor-element elementor-element-dc2e890 elementor-section-full_width elementor-section-height-default elementor-section-height-default\" data-id=\"dc2e890\" data-element_type=\"section\">\n\t\t\t\t\t\t<div class=\"elementor-container elementor-column-gap-no\">\n\t\t\t\t\t<div class=\"elementor-column elementor-col-50 elementor-top-column elementor-element elementor-element-7b5011a column-style-top\" data-id=\"7b5011a\" data-element_type=\"column\">\n\t\t\t<div class=\"elementor-widget-wrap elementor-element-populated\">\n\t\t\t\t\t\t<div class=\"elementor-element elementor-element-d06411d elementor-nav-menu__align-justify elementor-nav-menu--dropdown-tablet elementor-nav-menu__text-align-aside elementor-nav-menu--toggle elementor-nav-menu--burger elementor-widget elementor-widget-nav-menu\" data-id=\"d06411d\" data-element_type=\"widget\" data-settings=\"{&quot;layout&quot;:&quot;vertical&quot;,&quot;submenu_icon&quot;:{&quot;value&quot;:&quot;&lt;i class=\\&quot;fas fa-caret-down\\&quot;&gt;&lt;\\\/i&gt;&quot;,&quot;library&quot;:&quot;fa-solid&quot;},&quot;toggle&quot;:&quot;burger&quot;}\" data-widget_type=\"nav-menu.default\">\n\t\t\t\t<div class=\"elementor-widget-container\">\n\t\t\t\t\t\t<nav class=\"elementor-nav-menu--main elementor-nav-menu__container elementor-nav-menu--layout-vertical e--pointer-underline e--animation-grow\">\n\t\t\t\t<ul id=\"menu-1-d06411d\" class=\"elementor-nav-menu sm-vertical\"><li class=\"menu-item menu-item-type-post_type menu-item-object-page menu-item-8781\"><a href=\"https:\/\/www.plasteks.com\/tr\/geri-donusumsuz-kasalar\/\" class=\"elementor-item\">Geri D\u00f6n\u00fc\u015f\u00fcms\u00fcz Kasalar<\/a><\/li>\n<li class=\"menu-item menu-item-type-post_type menu-item-object-page menu-item-8780\"><a href=\"https:\/\/www.plasteks.com\/tr\/toplama-kasalari\/\" class=\"elementor-item\">Toplama Kasalar\u0131<\/a><\/li>\n<li class=\"menu-item menu-item-type-post_type menu-item-object-page menu-item-8775\"><a href=\"https:\/\/www.plasteks.com\/tr\/bigboxb-yuksek-hacimli-buyuk-kasa\/\" class=\"elementor-item\">BigBox B\u00fcy\u00fck Kasa<\/a><\/li>\n<li class=\"menu-item menu-item-type-post_type menu-item-object-page menu-item-8779\"><a href=\"https:\/\/www.plasteks.com\/tr\/amerikan-tipi-kova\/\" class=\"elementor-item\">Amerikan Tipi Kova<\/a><\/li>\n<li class=\"menu-item menu-item-type-post_type menu-item-object-page menu-item-8776\"><a href=\"https:\/\/www.plasteks.com\/tr\/bocek-ilaclama-plastik-kovalar\/\" class=\"elementor-item\">B\u00f6cek \u0130la\u00e7lama Plastik Kovalar<\/a><\/li>\n<li class=\"menu-item menu-item-type-post_type menu-item-object-page menu-item-8778\"><a href=\"https:\/\/www.plasteks.com\/tr\/plastik-palet-ve-kizak-ayak\/\" class=\"elementor-item\">Plastik Palet ve K\u0131zak Ayak<\/a><\/li>\n<li class=\"menu-item menu-item-type-post_type menu-item-object-page menu-item-8777\"><a href=\"https:\/\/www.plasteks.com\/tr\/saksi\/\" class=\"elementor-item\">Saks\u0131<\/a><\/li>\n<li class=\"menu-item menu-item-type-post_type menu-item-object-page menu-item-8774\"><a href=\"https:\/\/www.plasteks.com\/tr\/tarimsal-urunler\/\" class=\"elementor-item\">Tar\u0131msal \u00dcr\u00fcnler<\/a><\/li>\n<\/ul>\t\t\t<\/nav>\n\t\t\t\t\t<div class=\"elementor-menu-toggle\" role=\"button\" tabindex=\"0\" aria-label=\"Menu Toggle\" aria-expanded=\"false\">\n\t\t\t<i aria-hidden=\"true\" role=\"presentation\" class=\"elementor-menu-toggle__icon--open eicon-menu-bar\"><\/i><i aria-hidden=\"true\" role=\"presentation\" class=\"elementor-menu-toggle__icon--close eicon-close\"><\/i>\t\t\t<span class=\"elementor-screen-only\">Menu<\/span>\n\t\t<\/div>\n\t\t\t\t\t<nav class=\"elementor-nav-menu--dropdown elementor-nav-menu__container\" aria-hidden=\"true\">\n\t\t\t\t<ul id=\"menu-2-d06411d\" class=\"elementor-nav-menu sm-vertical\"><li class=\"menu-item menu-item-type-post_type menu-item-object-page menu-item-8781\"><a href=\"https:\/\/www.plasteks.com\/tr\/geri-donusumsuz-kasalar\/\" class=\"elementor-item\" tabindex=\"-1\">Geri D\u00f6n\u00fc\u015f\u00fcms\u00fcz Kasalar<\/a><\/li>\n<li class=\"menu-item menu-item-type-post_type menu-item-object-page menu-item-8780\"><a href=\"https:\/\/www.plasteks.com\/tr\/toplama-kasalari\/\" class=\"elementor-item\" tabindex=\"-1\">Toplama Kasalar\u0131<\/a><\/li>\n<li class=\"menu-item menu-item-type-post_type menu-item-object-page menu-item-8775\"><a href=\"https:\/\/www.plasteks.com\/tr\/bigboxb-yuksek-hacimli-buyuk-kasa\/\" class=\"elementor-item\" tabindex=\"-1\">BigBox B\u00fcy\u00fck Kasa<\/a><\/li>\n<li class=\"menu-item menu-item-type-post_type menu-item-object-page menu-item-8779\"><a href=\"https:\/\/www.plasteks.com\/tr\/amerikan-tipi-kova\/\" class=\"elementor-item\" tabindex=\"-1\">Amerikan Tipi Kova<\/a><\/li>\n<li class=\"menu-item menu-item-type-post_type menu-item-object-page menu-item-8776\"><a href=\"https:\/\/www.plasteks.com\/tr\/bocek-ilaclama-plastik-kovalar\/\" class=\"elementor-item\" tabindex=\"-1\">B\u00f6cek \u0130la\u00e7lama Plastik Kovalar<\/a><\/li>\n<li class=\"menu-item menu-item-type-post_type menu-item-object-page menu-item-8778\"><a href=\"https:\/\/www.plasteks.com\/tr\/plastik-palet-ve-kizak-ayak\/\" class=\"elementor-item\" tabindex=\"-1\">Plastik Palet ve K\u0131zak Ayak<\/a><\/li>\n<li class=\"menu-item menu-item-type-post_type menu-item-object-page menu-item-8777\"><a href=\"https:\/\/www.plasteks.com\/tr\/saksi\/\" class=\"elementor-item\" tabindex=\"-1\">Saks\u0131<\/a><\/li>\n<li class=\"menu-item menu-item-type-post_type menu-item-object-page menu-item-8774\"><a href=\"https:\/\/www.plasteks.com\/tr\/tarimsal-urunler\/\" class=\"elementor-item\" tabindex=\"-1\">Tar\u0131msal \u00dcr\u00fcnler<\/a><\/li>\n<\/ul>\t\t\t<\/nav>\n\t\t\t\t<\/div>\n\t\t\t\t<\/div>\n\t\t\t\t<div class=\"elementor-element elementor-element-2bedf53 elementor-widget elementor-widget-spacer\" data-id=\"2bedf53\" data-element_type=\"widget\" data-widget_type=\"spacer.default\">\n\t\t\t\t<div class=\"elementor-widget-container\">\n\t\t\t\t\t<div class=\"elementor-spacer\">\n\t\t\t<div class=\"elementor-spacer-inner\"><\/div>\n\t\t<\/div>\n\t\t\t\t<\/div>\n\t\t\t\t<\/div>\n\t\t\t\t\t<\/div>\n\t\t<\/div>\n\t\t\t\t<div class=\"elementor-column elementor-col-50 elementor-top-column elementor-element elementor-element-cd6806d column-style-top\" data-id=\"cd6806d\" data-element_type=\"column\">\n\t\t\t<div class=\"elementor-widget-wrap elementor-element-populated\">\n\t\t\t\t\t\t<section class=\"elementor-section elementor-inner-section elementor-element elementor-element-b5bf612 elementor-section-boxed elementor-section-height-default elementor-section-height-default\" data-id=\"b5bf612\" data-element_type=\"section\">\n\t\t\t\t\t\t<div class=\"elementor-container elementor-column-gap-default\">\n\t\t\t\t\t<div class=\"elementor-column elementor-col-33 elementor-inner-column elementor-element elementor-element-3324056 column-style-top\" data-id=\"3324056\" data-element_type=\"column\">\n\t\t\t<div class=\"elementor-widget-wrap elementor-element-populated\">\n\t\t\t\t\t\t<div class=\"elementor-element elementor-element-d66c2df elementor-flip-box--direction-down elementor-flip-box--effect-flip elementor-widget elementor-widget-flip-box\" data-id=\"d66c2df\" data-element_type=\"widget\" data-widget_type=\"flip-box.default\">\n\t\t\t\t<div class=\"elementor-widget-container\">\n\t\t\t\t\t<div class=\"elementor-flip-box\" tabindex=\"0\">\n\t\t\t<div class=\"elementor-flip-box__layer elementor-flip-box__front\">\n\t\t\t\t<div class=\"elementor-flip-box__layer__overlay\">\n\t\t\t\t\t<div class=\"elementor-flip-box__layer__inner\">\n\t\t\t\t\t\t\t\t\t\t\t\t\t<div class=\"elementor-flip-box__image\">\n\t\t\t\t\t\t\t\t<img fetchpriority=\"high\" decoding=\"async\" width=\"300\" height=\"300\" src=\"https:\/\/www.plasteks.com\/tr\/wp-content\/uploads\/2022\/02\/b1.jpg\" class=\"attachment-full size-full wp-image-8690\" alt=\"\" \/>\t\t\t\t\t\t\t<\/div>\n\t\t\t\t\t\t\n\t\t\t\t\t\t\t\t\t\t\t\t\t<h3 class=\"elementor-flip-box__layer__title\">\n\t\t\t\t\t\t\t\tPLAST\u0130K PALET VE KIZAK AYAK\t\t\t\t\t\t\t<\/h3>\n\t\t\t\t\t\t\n\t\t\t\t\t\t\t\t\t\t\t<\/div>\n\t\t\t\t<\/div>\n\t\t\t<\/div>\n\t\t\t<div class=\"elementor-flip-box__layer elementor-flip-box__back\">\n\t\t\t<div class=\"elementor-flip-box__layer__overlay\">\n\t\t\t\t<div class=\"elementor-flip-box__layer__inner\">\n\t\t\t\t\t\t\t\t\t\t\t<h3 class=\"elementor-flip-box__layer__title\">\n\t\t\t\t\t\t\tPLAST\u0130K PALET VE KIZAK AYAK\t\t\t\t\t\t<\/h3>\n\t\t\t\t\t\n\t\t\t\t\t\n\t\t\t\t\t\t\t\t\t\t\t<a class=\"elementor-flip-box__button elementor-button elementor-size-sm\" href=\"https:\/\/www.plasteks.com\/tr\/?page_id=10832\">\n\t\t\t\t\t\t\t\u0130ncele\t\t\t\t\t\t<\/a>\n\t\t\t\t\t\t\t\t<\/div>\n\t\t<\/div>\n\t\t<\/div>\n\t\t<\/div>\n\t\t\t\t<\/div>\n\t\t\t\t<\/div>\n\t\t\t\t\t<\/div>\n\t\t<\/div>\n\t\t\t\t<div class=\"elementor-column elementor-col-33 elementor-inner-column elementor-element elementor-element-4a40249 column-style-top\" data-id=\"4a40249\" data-element_type=\"column\">\n\t\t\t<div class=\"elementor-widget-wrap\">\n\t\t\t\t\t\t\t<\/div>\n\t\t<\/div>\n\t\t\t\t<div class=\"elementor-column elementor-col-33 elementor-inner-column elementor-element elementor-element-c3f5bf6 column-style-top\" data-id=\"c3f5bf6\" data-element_type=\"column\">\n\t\t\t<div class=\"elementor-widget-wrap\">\n\t\t\t\t\t\t\t<\/div>\n\t\t<\/div>\n\t\t\t\t\t<\/div>\n\t\t<\/section>\n\t\t\t\t\t<\/div>\n\t\t<\/div>\n\t\t\t\t\t<\/div>\n\t\t<\/section>\n\t\t\t\t<\/div>\n\t\t","protected":false},"excerpt":{"rendered":"<p>PLAST\u0130K PALET VE KIZAK AYAK PLAST\u0130K PALET VE KIZAK AYAK \u0130ncele<\/p>\n","protected":false},"author":1,"featured_media":0,"parent":0,"menu_order":0,"comment_status":"closed","ping_status":"closed","template":"","meta":{"_kadence_starter_templates_imported_post":false,"footnotes":""},"class_list":["post-8741","page","type-page","status-publish","hentry"],"_links":{"self":[{"href":"https:\/\/www.plasteks.com\/tr\/wp-json\/wp\/v2\/pages\/8741","targetHints":{"allow":["GET"]}}],"collection":[{"href":"https:\/\/www.plasteks.com\/tr\/wp-json\/wp\/v2\/pages"}],"about":[{"href":"https:\/\/www.plasteks.com\/tr\/wp-json\/wp\/v2\/types\/page"}],"author":[{"embeddable":true,"href":"https:\/\/www.plasteks.com\/tr\/wp-json\/wp\/v2\/users\/1"}],"replies":[{"embeddable":true,"href":"https:\/\/www.plasteks.com\/tr\/wp-json\/wp\/v2\/comments?post=8741"}],"version-history":[{"count":30,"href":"https:\/\/www.plasteks.com\/tr\/wp-json\/wp\/v2\/pages\/8741\/revisions"}],"predecessor-version":[{"id":11351,"href":"https:\/\/www.plasteks.com\/tr\/wp-json\/wp\/v2\/pages\/8741\/revisions\/11351"}],"wp:attachment":[{"href":"https:\/\/www.plasteks.com\/tr\/wp-json\/wp\/v2\/media?parent=8741"}],"curies":[{"name":"wp","href":"https:\/\/api.w.org\/{rel}","templated":true}]}}